{"id":944,"date":"2016-03-04T12:28:10","date_gmt":"2016-03-04T12:28:10","guid":{"rendered":"https:\/\/2022.kinokino.hr\/en\/?page_id=944"},"modified":"2022-09-13T08:16:40","modified_gmt":"2022-09-13T08:16:40","slug":"who-is-who","status":"publish","type":"page","link":"https:\/\/2022.kinokino.hr\/en\/who-is-who\/","title":{"rendered":"Who Is Who"},"content":{"rendered":"<p><strong>Selma Mehad\u017ei\u0107<\/strong> \u2013Festival Director<br \/>\n<strong>Katarina Crn\u010di\u0107<\/strong> \u2013 Festival Coordinator<br \/>\n<strong>Boris T. Mati\u0107, Lana Mati\u0107, Hrvoje Laurenta\u00a0<\/strong> \u2013 Artistic Advisors<br \/>\n<strong>Lucija Peri\u0107<\/strong>\u2013 Production Assistant<br \/>\n<strong>Valentina Lisak<\/strong> \u2013 Catalogue Editor<br \/>\n<strong>Andrea Ro\u017ei<\/strong><strong>\u0107<\/strong> \u2013 Translator<\/p>\n<p><strong>Dalibor Juri\u0161i<\/strong><strong>\u0107<\/strong> \u2013 Proofreader<\/p>\n<p><strong>Jelena Svir\u010di\u0107<\/strong> \u2013 Public Relations<br \/>\n<strong>Katarina Ami\u017ei\u0107<\/strong> \u2013 Social Networks<br \/>\n<strong>Draga Komparak<\/strong> \u2013 Design<br \/>\n<strong>Fraqtal<\/strong> \u2013 Website Programming<br \/>\n<strong>Nedjeljko Mikac<\/strong> \u2013 Creator of Festival Award<br \/>\n<strong>Koviljka Lazar<\/strong> \u2013 Box Office Coordinator<br \/>\n<strong>Ana \u0110ordi\u0107, Margareta \u0110ordi\u0107, Marina Zlatari\u0107<\/strong> \u2013 Authors of Educational Materials<br \/>\n<strong>Lucija Bra\u0161ni\u0107<\/strong> \u2013 Schools and Workshop Program Coordinator<br \/>\n<strong>Sara Stani\u0107, Tina Ti\u0161ljar<\/strong> \u2013 Q&amp;A Moderators<br \/>\n<strong>\u010cejen \u010cerni\u0107 \u010canak<\/strong> \u2013 Short Film Step Workshop Mentor<br \/>\n<strong>Maja Kolar <\/strong>\u2013 How to Make a Movie Poster Workshop Mentor<br \/>\n<strong>Ana \u0110ordi\u0107, Uro\u0161 \u017divanovi\u0107<\/strong> \u2013 From Cinema to Classroom: Methodology of Teaching Film Art Workshop Mentors<br \/>\n<strong>Ministarstvo titlova<\/strong> \u2013 Film Translation and Subtitles<br \/>\n<strong>Luka Vuci\u0107<\/strong> \u2013 Festival Trailer<br \/>\n<strong>Hrvoje \u0160tefoti\u0107<\/strong> \u2013 Telop and Trailer Music<br \/>\n<strong>Andrija Gvozdi\u0107-Michl<\/strong> \u2013 Video Materials Editor and Tech Support<br \/>\n<strong>Brojke<\/strong> \u2013 Accounting<\/p>\n","protected":false},"excerpt":{"rendered":"<p>Selma Mehad\u017ei\u0107 \u2013Festival Director Katarina Crn\u010di\u0107 \u2013 Festival Coordinator Boris T. Mati\u0107, Lana Mati\u0107, Hrvoje Laurenta\u00a0 \u2013 Artistic Advisors Lucija Peri\u0107\u2013 Production Assistant Valentina Lisak \u2013 Catalogue Editor Andrea Ro\u017ei\u0107 \u2013 Translator Dalibor Juri\u0161i\u0107 \u2013 Proofreader Jelena Svir\u010di\u0107 \u2013 Public Relations Katarina Ami\u017ei\u0107 \u2013 Social Networks Draga Komparak \u2013 Design Fraqtal \u2013 Website Programming Nedjeljko<\/p>\n","protected":false},"author":1,"featured_media":0,"parent":0,"menu_order":0,"comment_status":"closed","ping_status":"closed","template":"","meta":[],"_links":{"self":[{"href":"https:\/\/2022.kinokino.hr\/en\/wp-json\/wp\/v2\/pages\/944"}],"collection":[{"href":"https:\/\/2022.kinokino.hr\/en\/wp-json\/wp\/v2\/pages"}],"about":[{"href":"https:\/\/2022.kinokino.hr\/en\/wp-json\/wp\/v2\/types\/page"}],"author":[{"embeddable":true,"href":"https:\/\/2022.kinokino.hr\/en\/wp-json\/wp\/v2\/users\/1"}],"replies":[{"embeddable":true,"href":"https:\/\/2022.kinokino.hr\/en\/wp-json\/wp\/v2\/comments?post=944"}],"version-history":[{"count":33,"href":"https:\/\/2022.kinokino.hr\/en\/wp-json\/wp\/v2\/pages\/944\/revisions"}],"predecessor-version":[{"id":6427,"href":"https:\/\/2022.kinokino.hr\/en\/wp-json\/wp\/v2\/pages\/944\/revisions\/6427"}],"wp:attachment":[{"href":"https:\/\/2022.kinokino.hr\/en\/wp-json\/wp\/v2\/media?parent=944"}],"curies":[{"name":"wp","href":"https:\/\/api.w.org\/{rel}","templated":true}]}}